{"id":2643,"date":"2021-03-23T09:31:56","date_gmt":"2021-03-23T08:31:56","guid":{"rendered":"https:\/\/vaudoo.ch\/recommandations\/"},"modified":"2021-04-15T16:10:24","modified_gmt":"2021-04-15T14:10:24","slug":"empfehlungen","status":"publish","type":"page","link":"https:\/\/vaudoo.ch\/de\/empfehlungen\/","title":{"rendered":"Empfehlungen"},"content":{"rendered":"\t\t<div data-elementor-type=\"wp-page\" data-elementor-id=\"2643\" class=\"elementor elementor-2643 elementor-1199\" data-elementor-post-type=\"page\">\n\t\t\t\t\t\t<section class=\"elementor-section elementor-top-section elementor-element elementor-element-33d14dd elementor-section-boxed elementor-section-height-default elementor-section-height-default\" data-id=\"33d14dd\" data-element_type=\"section\" data-e-type=\"section\">\n\t\t\t\t\t\t<div class=\"elementor-container elementor-column-gap-default\">\n\t\t\t\t\t<div class=\"elementor-column elementor-col-100 elementor-top-column elementor-element elementor-element-49948a6\" data-id=\"49948a6\" data-element_type=\"column\" data-e-type=\"column\">\n\t\t\t<div class=\"elementor-widget-wrap elementor-element-populated\">\n\t\t\t\t\t\t<div class=\"elementor-element elementor-element-b8cd8f8 elementor-widget elementor-widget-heading\" data-id=\"b8cd8f8\" data-element_type=\"widget\" data-e-type=\"widget\" data-widget_type=\"heading.default\">\n\t\t\t\t<div class=\"elementor-widget-container\">\n\t\t\t\t\t<h2 class=\"elementor-heading-title elementor-size-default\">S\u00e4fte &amp; Getr\u00e4nke<\/h2>\t\t\t\t<\/div>\n\t\t\t\t<\/div>\n\t\t\t\t\t<\/div>\n\t\t<\/div>\n\t\t\t\t\t<\/div>\n\t\t<\/section>\n\t\t\t\t<section class=\"elementor-section elementor-top-section elementor-element elementor-element-ca8df6c elementor-section-boxed elementor-section-height-default elementor-section-height-default\" data-id=\"ca8df6c\" data-element_type=\"section\" data-e-type=\"section\">\n\t\t\t\t\t\t<div class=\"elementor-container elementor-column-gap-default\">\n\t\t\t\t\t<div class=\"elementor-column elementor-col-100 elementor-top-column elementor-element elementor-element-7449e04\" data-id=\"7449e04\" data-element_type=\"column\" data-e-type=\"column\">\n\t\t\t<div class=\"elementor-widget-wrap elementor-element-populated\">\n\t\t\t\t\t\t<div class=\"elementor-element elementor-element-42e2020 elementor-tabs-alignment-center elementor-tabs-view-horizontal elementor-widget elementor-widget-tabs\" data-id=\"42e2020\" data-element_type=\"widget\" data-e-type=\"widget\" data-widget_type=\"tabs.default\">\n\t\t\t\t<div class=\"elementor-widget-container\">\n\t\t\t\t\t\t\t<div class=\"elementor-tabs\">\n\t\t\t<div class=\"elementor-tabs-wrapper\" role=\"tablist\" >\n\t\t\t\t\t\t\t\t\t<div id=\"elementor-tab-title-7011\" class=\"elementor-tab-title elementor-tab-desktop-title\" aria-selected=\"true\" data-tab=\"1\" role=\"tab\" tabindex=\"0\" aria-controls=\"elementor-tab-content-7011\" aria-expanded=\"false\">Orangensaft<\/div>\n\t\t\t\t\t\t\t\t\t<div id=\"elementor-tab-title-7012\" class=\"elementor-tab-title elementor-tab-desktop-title\" aria-selected=\"false\" data-tab=\"2\" role=\"tab\" tabindex=\"-1\" aria-controls=\"elementor-tab-content-7012\" aria-expanded=\"false\">Ananassaft<\/div>\n\t\t\t\t\t\t\t\t\t<div id=\"elementor-tab-title-7013\" class=\"elementor-tab-title elementor-tab-desktop-title\" aria-selected=\"false\" data-tab=\"3\" role=\"tab\" tabindex=\"-1\" aria-controls=\"elementor-tab-content-7013\" aria-expanded=\"false\">Apfelsaft<\/div>\n\t\t\t\t\t\t\t\t\t<div id=\"elementor-tab-title-7014\" class=\"elementor-tab-title elementor-tab-desktop-title\" aria-selected=\"false\" data-tab=\"4\" role=\"tab\" tabindex=\"-1\" aria-controls=\"elementor-tab-content-7014\" aria-expanded=\"false\">Mangosaft<\/div>\n\t\t\t\t\t\t\t\t\t<div id=\"elementor-tab-title-7015\" class=\"elementor-tab-title elementor-tab-desktop-title\" aria-selected=\"false\" data-tab=\"5\" role=\"tab\" tabindex=\"-1\" aria-controls=\"elementor-tab-content-7015\" aria-expanded=\"false\">Cranberry-Saft<\/div>\n\t\t\t\t\t\t\t\t\t<div id=\"elementor-tab-title-7016\" class=\"elementor-tab-title elementor-tab-desktop-title\" aria-selected=\"false\" data-tab=\"6\" role=\"tab\" tabindex=\"-1\" aria-controls=\"elementor-tab-content-7016\" aria-expanded=\"false\">Grapefruitsaft<\/div>\n\t\t\t\t\t\t\t\t\t<div id=\"elementor-tab-title-7017\" class=\"elementor-tab-title elementor-tab-desktop-title\" aria-selected=\"false\" data-tab=\"7\" role=\"tab\" tabindex=\"-1\" aria-controls=\"elementor-tab-content-7017\" aria-expanded=\"false\">Mineralwasser<\/div>\n\t\t\t\t\t\t\t\t\t<div id=\"elementor-tab-title-7018\" class=\"elementor-tab-title elementor-tab-desktop-title\" aria-selected=\"false\" data-tab=\"8\" role=\"tab\" tabindex=\"-1\" aria-controls=\"elementor-tab-content-7018\" aria-expanded=\"false\">Limonade<\/div>\n\t\t\t\t\t\t\t<\/div>\n\t\t\t<div class=\"elementor-tabs-content-wrapper\" role=\"tablist\" aria-orientation=\"vertical\">\n\t\t\t\t\t\t\t\t\t<div class=\"elementor-tab-title elementor-tab-mobile-title\" aria-selected=\"true\" data-tab=\"1\" role=\"tab\" tabindex=\"0\" aria-controls=\"elementor-tab-content-7011\" aria-expanded=\"false\">Orangensaft<\/div>\n\t\t\t\t\t<div id=\"elementor-tab-content-7011\" class=\"elementor-tab-content elementor-clearfix\" data-tab=\"1\" role=\"tabpanel\" aria-labelledby=\"elementor-tab-title-7011\" tabindex=\"0\" hidden=\"false\"><p><strong>Du ben\u00f6tigst Orangensaft f\u00fcr die folgenden Cocktails:<\/strong><\/p><p>Vaudoo Sex On The Beach<br \/>Vaudoo Side Car<br \/>Vaudoo Liberty<br \/>Vaudoo Kowloon<br \/>Vaudoo La Dolce Vita<br \/>Vaudoo Queen<\/p><\/div>\n\t\t\t\t\t\t\t\t\t<div class=\"elementor-tab-title elementor-tab-mobile-title\" aria-selected=\"false\" data-tab=\"2\" role=\"tab\" tabindex=\"-1\" aria-controls=\"elementor-tab-content-7012\" aria-expanded=\"false\">Ananassaft<\/div>\n\t\t\t\t\t<div id=\"elementor-tab-content-7012\" class=\"elementor-tab-content elementor-clearfix\" data-tab=\"2\" role=\"tabpanel\" aria-labelledby=\"elementor-tab-title-7012\" tabindex=\"0\" hidden=\"hidden\"><p><strong>Du ben\u00f6tigst Ananassaft f\u00fcr die folgenden Cocktails:<\/strong><\/p><p>Vaudoo Sex On The Beach<br \/>Vaudoo Pina Colada<br \/>Vaudoo Punch Exotik<\/p><\/div>\n\t\t\t\t\t\t\t\t\t<div class=\"elementor-tab-title elementor-tab-mobile-title\" aria-selected=\"false\" data-tab=\"3\" role=\"tab\" tabindex=\"-1\" aria-controls=\"elementor-tab-content-7013\" aria-expanded=\"false\">Apfelsaft<\/div>\n\t\t\t\t\t<div id=\"elementor-tab-content-7013\" class=\"elementor-tab-content elementor-clearfix\" data-tab=\"3\" role=\"tabpanel\" aria-labelledby=\"elementor-tab-title-7013\" tabindex=\"0\" hidden=\"hidden\"><p><strong>Du ben\u00f6tigst Apfelsaft f\u00fcr die folgenden Cocktails:<br \/><\/strong><\/p><p>Vaudoo Kiss<br \/>Vaudoo All In<\/p><\/div>\n\t\t\t\t\t\t\t\t\t<div class=\"elementor-tab-title elementor-tab-mobile-title\" aria-selected=\"false\" data-tab=\"4\" role=\"tab\" tabindex=\"-1\" aria-controls=\"elementor-tab-content-7014\" aria-expanded=\"false\">Mangosaft<\/div>\n\t\t\t\t\t<div id=\"elementor-tab-content-7014\" class=\"elementor-tab-content elementor-clearfix\" data-tab=\"4\" role=\"tabpanel\" aria-labelledby=\"elementor-tab-title-7014\" tabindex=\"0\" hidden=\"hidden\"><p><strong>Du ben\u00f6tigst Mangosaft f\u00fcr die folgenden Cocktails:<\/strong><\/p><p>Vaudoo Mango<br \/>Vaudoo Liberty<br \/>Vaudoo Queen<\/p><\/div>\n\t\t\t\t\t\t\t\t\t<div class=\"elementor-tab-title elementor-tab-mobile-title\" aria-selected=\"false\" data-tab=\"5\" role=\"tab\" tabindex=\"-1\" aria-controls=\"elementor-tab-content-7015\" aria-expanded=\"false\">Cranberry-Saft<\/div>\n\t\t\t\t\t<div id=\"elementor-tab-content-7015\" class=\"elementor-tab-content elementor-clearfix\" data-tab=\"5\" role=\"tabpanel\" aria-labelledby=\"elementor-tab-title-7015\" tabindex=\"0\" hidden=\"hidden\"><p><strong>Du ben\u00f6tigst Cranberrysaft f\u00fcr die folgenden Cocktails:<\/strong><\/p><p>Vaudoo Cosmopolitan<br \/>Vaudoo Sex On The Beach<\/p><\/div>\n\t\t\t\t\t\t\t\t\t<div class=\"elementor-tab-title elementor-tab-mobile-title\" aria-selected=\"false\" data-tab=\"6\" role=\"tab\" tabindex=\"-1\" aria-controls=\"elementor-tab-content-7016\" aria-expanded=\"false\">Grapefruitsaft<\/div>\n\t\t\t\t\t<div id=\"elementor-tab-content-7016\" class=\"elementor-tab-content elementor-clearfix\" data-tab=\"6\" role=\"tabpanel\" aria-labelledby=\"elementor-tab-title-7016\" tabindex=\"0\" hidden=\"hidden\"><p><strong>Du ben\u00f6tigst Grapefruitsaft f\u00fcr die folgenden Cocktails:<\/strong><\/p><p>Vaudoo Ma\u00ef Ta\u00ef<br \/>Vaudoo Sunset Beach<br \/>Vaudoo Tango<\/p><p>\u00a0<\/p><\/div>\n\t\t\t\t\t\t\t\t\t<div class=\"elementor-tab-title elementor-tab-mobile-title\" aria-selected=\"false\" data-tab=\"7\" role=\"tab\" tabindex=\"-1\" aria-controls=\"elementor-tab-content-7017\" aria-expanded=\"false\">Mineralwasser<\/div>\n\t\t\t\t\t<div id=\"elementor-tab-content-7017\" class=\"elementor-tab-content elementor-clearfix\" data-tab=\"7\" role=\"tabpanel\" aria-labelledby=\"elementor-tab-title-7017\" tabindex=\"0\" hidden=\"hidden\"><p><strong>Du ben\u00f6tigst kohles\u00e4urehaltiges Mineralwasser f\u00fcr den folgenden Cocktail:<\/strong><\/p><p>Vaudoo Mojito<\/p><\/div>\n\t\t\t\t\t\t\t\t\t<div class=\"elementor-tab-title elementor-tab-mobile-title\" aria-selected=\"false\" data-tab=\"8\" role=\"tab\" tabindex=\"-1\" aria-controls=\"elementor-tab-content-7018\" aria-expanded=\"false\">Limonade<\/div>\n\t\t\t\t\t<div id=\"elementor-tab-content-7018\" class=\"elementor-tab-content elementor-clearfix\" data-tab=\"8\" role=\"tabpanel\" aria-labelledby=\"elementor-tab-title-7018\" tabindex=\"0\" hidden=\"hidden\"><p><strong>Du ben\u00f6tigst Limonade f\u00fcr den folgenden Cocktail:<\/strong><\/p><p>Vaudoo Mojito<\/p><\/div>\n\t\t\t\t\t\t\t<\/div>\n\t\t<\/div>\n\t\t\t\t\t\t<\/div>\n\t\t\t\t<\/div>\n\t\t\t\t\t<\/div>\n\t\t<\/div>\n\t\t\t\t\t<\/div>\n\t\t<\/section>\n\t\t\t\t<section class=\"elementor-section elementor-top-section elementor-element elementor-element-d6d67e1 elementor-section-boxed elementor-section-height-default elementor-section-height-default\" data-id=\"d6d67e1\" data-element_type=\"section\" data-e-type=\"section\">\n\t\t\t\t\t\t<div class=\"elementor-container elementor-column-gap-default\">\n\t\t\t\t\t<div class=\"elementor-column elementor-col-100 elementor-top-column elementor-element elementor-element-9cedd49\" data-id=\"9cedd49\" data-element_type=\"column\" data-e-type=\"column\">\n\t\t\t<div class=\"elementor-widget-wrap elementor-element-populated\">\n\t\t\t\t\t\t<div class=\"elementor-element elementor-element-0e3ab18 elementor-widget elementor-widget-heading\" data-id=\"0e3ab18\" data-element_type=\"widget\" data-e-type=\"widget\" data-widget_type=\"heading.default\">\n\t\t\t\t<div class=\"elementor-widget-container\">\n\t\t\t\t\t<h2 class=\"elementor-heading-title elementor-size-default\">Die Gl\u00e4ser<\/h2>\t\t\t\t<\/div>\n\t\t\t\t<\/div>\n\t\t\t\t\t<\/div>\n\t\t<\/div>\n\t\t\t\t\t<\/div>\n\t\t<\/section>\n\t\t\t\t<section class=\"elementor-section elementor-top-section elementor-element elementor-element-9d7aaef elementor-section-boxed elementor-section-height-default elementor-section-height-default\" data-id=\"9d7aaef\" data-element_type=\"section\" data-e-type=\"section\">\n\t\t\t\t\t\t<div class=\"elementor-container elementor-column-gap-default\">\n\t\t\t\t\t<div class=\"elementor-column elementor-col-100 elementor-top-column elementor-element elementor-element-88d6206\" data-id=\"88d6206\" data-element_type=\"column\" data-e-type=\"column\">\n\t\t\t<div class=\"elementor-widget-wrap elementor-element-populated\">\n\t\t\t\t\t\t<div class=\"elementor-element elementor-element-f62697c elementor-tabs-alignment-center elementor-tabs-view-horizontal elementor-widget elementor-widget-tabs\" data-id=\"f62697c\" data-element_type=\"widget\" data-e-type=\"widget\" data-widget_type=\"tabs.default\">\n\t\t\t\t<div class=\"elementor-widget-container\">\n\t\t\t\t\t\t\t<div class=\"elementor-tabs\">\n\t\t\t<div class=\"elementor-tabs-wrapper\" role=\"tablist\" >\n\t\t\t\t\t\t\t\t\t<div id=\"elementor-tab-title-2581\" class=\"elementor-tab-title elementor-tab-desktop-title\" aria-selected=\"true\" data-tab=\"1\" role=\"tab\" tabindex=\"0\" aria-controls=\"elementor-tab-content-2581\" aria-expanded=\"false\">Cocktailglas (15-20cl)<\/div>\n\t\t\t\t\t\t\t\t\t<div id=\"elementor-tab-title-2582\" class=\"elementor-tab-title elementor-tab-desktop-title\" aria-selected=\"false\" data-tab=\"2\" role=\"tab\" tabindex=\"-1\" aria-controls=\"elementor-tab-content-2582\" aria-expanded=\"false\">Tulpenglas (20-40cl)<\/div>\n\t\t\t\t\t\t\t\t\t<div id=\"elementor-tab-title-2583\" class=\"elementor-tab-title elementor-tab-desktop-title\" aria-selected=\"false\" data-tab=\"3\" role=\"tab\" tabindex=\"-1\" aria-controls=\"elementor-tab-content-2583\" aria-expanded=\"false\">Weinglas (15-25cl)<\/div>\n\t\t\t\t\t\t\t\t\t<div id=\"elementor-tab-title-2584\" class=\"elementor-tab-title elementor-tab-desktop-title\" aria-selected=\"false\" data-tab=\"4\" role=\"tab\" tabindex=\"-1\" aria-controls=\"elementor-tab-content-2584\" aria-expanded=\"false\">Whiskyglas (20-32cl)<\/div>\n\t\t\t\t\t\t\t\t\t<div id=\"elementor-tab-title-2585\" class=\"elementor-tab-title elementor-tab-desktop-title\" aria-selected=\"false\" data-tab=\"5\" role=\"tab\" tabindex=\"-1\" aria-controls=\"elementor-tab-content-2585\" aria-expanded=\"false\">Tumbler\/Collins (30-40cl)<\/div>\n\t\t\t\t\t\t\t<\/div>\n\t\t\t<div class=\"elementor-tabs-content-wrapper\" role=\"tablist\" aria-orientation=\"vertical\">\n\t\t\t\t\t\t\t\t\t<div class=\"elementor-tab-title elementor-tab-mobile-title\" aria-selected=\"true\" data-tab=\"1\" role=\"tab\" tabindex=\"0\" aria-controls=\"elementor-tab-content-2581\" aria-expanded=\"false\">Cocktailglas (15-20cl)<\/div>\n\t\t\t\t\t<div id=\"elementor-tab-content-2581\" class=\"elementor-tab-content elementor-clearfix\" data-tab=\"1\" role=\"tabpanel\" aria-labelledby=\"elementor-tab-title-2581\" tabindex=\"0\" hidden=\"false\"><p><strong>Ben\u00fctze ein Cocktailglas f\u00fcr die folgenden Cocktails:<\/strong><\/p>\n<p><img fetchpriority=\"high\" decoding=\"async\" class=\"alignnone size-full wp-image-1705\" src=\"https:\/\/vaudoo.ch\/wp-content\/uploads\/2021\/03\/verre-cocktail-dessin.png\" alt=\"\" width=\"200\" height=\"289\"><\/p>\n<p>Vaudoo Cosmopolitan<br>Vaudoo Side Car&nbsp;<br>Vaudoo La Dolce Vita&nbsp;<br>Vaudoo Tango&nbsp;<br>Vaudoo Liberty&nbsp;<br>Vaudoo Queen<\/p>\n<p>Falls du kein Cocktailglas hast, nimm einfach ein Weinglas.<\/p><\/div>\n\t\t\t\t\t\t\t\t\t<div class=\"elementor-tab-title elementor-tab-mobile-title\" aria-selected=\"false\" data-tab=\"2\" role=\"tab\" tabindex=\"-1\" aria-controls=\"elementor-tab-content-2582\" aria-expanded=\"false\">Tulpenglas (20-40cl)<\/div>\n\t\t\t\t\t<div id=\"elementor-tab-content-2582\" class=\"elementor-tab-content elementor-clearfix\" data-tab=\"2\" role=\"tabpanel\" aria-labelledby=\"elementor-tab-title-2582\" tabindex=\"0\" hidden=\"hidden\"><p><strong>Ben\u00fctze ein Tulpenglas f\u00fcr die folgenden Cocktails:<\/strong><\/p>\n<p><img decoding=\"async\" src=\"https:\/\/vaudoo.ch\/wp-content\/uploads\/2021\/03\/verre-tulipe-dessin-127x300.png\" alt=\"\" width=\"127\" height=\"300\"><\/p>\n<p>Vaudoo Sex On The Beach<br>Vaudoo Pina Colada<br>Vaudoo Mango<\/p>\n<p>Falls du kein Cocktailglas hast, nimm einfach ein Weinglas.<\/p><\/div>\n\t\t\t\t\t\t\t\t\t<div class=\"elementor-tab-title elementor-tab-mobile-title\" aria-selected=\"false\" data-tab=\"3\" role=\"tab\" tabindex=\"-1\" aria-controls=\"elementor-tab-content-2583\" aria-expanded=\"false\">Weinglas (15-25cl)<\/div>\n\t\t\t\t\t<div id=\"elementor-tab-content-2583\" class=\"elementor-tab-content elementor-clearfix\" data-tab=\"3\" role=\"tabpanel\" aria-labelledby=\"elementor-tab-title-2583\" tabindex=\"0\" hidden=\"hidden\"><p><strong>Ben\u00fctze ein Weinglas f\u00fcr die folgenden Cocktails:<\/strong><\/p>\n<p><img decoding=\"async\" class=\"alignnone size-medium wp-image-1714\" src=\"https:\/\/vaudoo.ch\/wp-content\/uploads\/2021\/03\/verre-vin-dessin-192x300.png\" alt=\"\" width=\"192\" height=\"300\" srcset=\"https:\/\/vaudoo.ch\/wp-content\/uploads\/2021\/03\/verre-vin-dessin-192x300.png 192w, https:\/\/vaudoo.ch\/wp-content\/uploads\/2021\/03\/verre-vin-dessin.png 200w\" sizes=\"(max-width: 192px) 100vw, 192px\" \/><\/p>\n<p>Vaudoo Sunset Beach&nbsp;<br>Vaudoo All In&nbsp;<br>Vaudoo Kowloon<\/p>\n<p>Was? Du hast kein Weinglas? Geh schnell ein paar kaufen!<br><\/p><\/div>\n\t\t\t\t\t\t\t\t\t<div class=\"elementor-tab-title elementor-tab-mobile-title\" aria-selected=\"false\" data-tab=\"4\" role=\"tab\" tabindex=\"-1\" aria-controls=\"elementor-tab-content-2584\" aria-expanded=\"false\">Whiskyglas (20-32cl)<\/div>\n\t\t\t\t\t<div id=\"elementor-tab-content-2584\" class=\"elementor-tab-content elementor-clearfix\" data-tab=\"4\" role=\"tabpanel\" aria-labelledby=\"elementor-tab-title-2584\" tabindex=\"0\" hidden=\"hidden\"><p><strong>Ben\u00fctze ein Whiskyglas f\u00fcr die folgenden Cocktails:<\/strong><\/p>\n<p><img loading=\"lazy\" decoding=\"async\" class=\"alignnone size-full wp-image-1717\" src=\"https:\/\/vaudoo.ch\/wp-content\/uploads\/2021\/03\/verre-whisky-dessin.png\" alt=\"\" width=\"200\" height=\"244\"><\/p>\n<p>Vaudoo Ma\u00ef Ta\u00ef<br>Vaudoo Kiss<\/p><br><\/div>\n\t\t\t\t\t\t\t\t\t<div class=\"elementor-tab-title elementor-tab-mobile-title\" aria-selected=\"false\" data-tab=\"5\" role=\"tab\" tabindex=\"-1\" aria-controls=\"elementor-tab-content-2585\" aria-expanded=\"false\">Tumbler\/Collins (30-40cl)<\/div>\n\t\t\t\t\t<div id=\"elementor-tab-content-2585\" class=\"elementor-tab-content elementor-clearfix\" data-tab=\"5\" role=\"tabpanel\" aria-labelledby=\"elementor-tab-title-2585\" tabindex=\"0\" hidden=\"hidden\"><p><strong>Be\u00fctze einen Tumbler\/Collins f\u00fcr die folgenden Cocktails:<\/strong><\/p>\n<p><img loading=\"lazy\" decoding=\"async\" class=\"alignnone size-medium wp-image-1711\" src=\"https:\/\/vaudoo.ch\/wp-content\/uploads\/2021\/03\/verre-tumbler-dessin-138x300.png\" alt=\"\" width=\"138\" height=\"300\" srcset=\"https:\/\/vaudoo.ch\/wp-content\/uploads\/2021\/03\/verre-tumbler-dessin-138x300.png 138w, https:\/\/vaudoo.ch\/wp-content\/uploads\/2021\/03\/verre-tumbler-dessin.png 200w\" sizes=\"(max-width: 138px) 100vw, 138px\" \/><\/p>\n<p>Vaudoo Mojito<br>Vaudoo Punch Exotik<\/p><\/div>\n\t\t\t\t\t\t\t<\/div>\n\t\t<\/div>\n\t\t\t\t\t\t<\/div>\n\t\t\t\t<\/div>\n\t\t\t\t\t<\/div>\n\t\t<\/div>\n\t\t\t\t\t<\/div>\n\t\t<\/section>\n\t\t\t\t<\/div>\n\t\t","protected":false},"excerpt":{"rendered":"<p>S\u00e4fte &#038; Getr\u00e4nke Orangensaft Ananassaft Apfelsaft Mangosaft Cranberry-Saft Grapefruitsaft Mineralwasser Limonade Orangensaft Du ben\u00f6tigst Orangensaft f\u00fcr die folgenden Cocktails: Vaudoo Sex On The BeachVaudoo Side CarVaudoo LibertyVaudoo KowloonVaudoo La Dolce VitaVaudoo Queen Ananassaft Du ben\u00f6tigst Ananassaft f\u00fcr die folgenden Cocktails: Vaudoo Sex On The BeachVaudoo Pina ColadaVaudoo Punch Exotik Apfelsaft Du ben\u00f6tigst Apfelsaft f\u00fcr die [&hellip;]<\/p>\n","protected":false},"author":13,"featured_media":0,"parent":0,"menu_order":0,"comment_status":"closed","ping_status":"closed","template":"","meta":{"_acf_changed":false,"footnotes":""},"class_list":["post-2643","page","type-page","status-publish","hentry"],"acf":[],"_links":{"self":[{"href":"https:\/\/vaudoo.ch\/de\/wp-json\/wp\/v2\/pages\/2643","targetHints":{"allow":["GET"]}}],"collection":[{"href":"https:\/\/vaudoo.ch\/de\/wp-json\/wp\/v2\/pages"}],"about":[{"href":"https:\/\/vaudoo.ch\/de\/wp-json\/wp\/v2\/types\/page"}],"author":[{"embeddable":true,"href":"https:\/\/vaudoo.ch\/de\/wp-json\/wp\/v2\/users\/13"}],"replies":[{"embeddable":true,"href":"https:\/\/vaudoo.ch\/de\/wp-json\/wp\/v2\/comments?post=2643"}],"version-history":[{"count":19,"href":"https:\/\/vaudoo.ch\/de\/wp-json\/wp\/v2\/pages\/2643\/revisions"}],"predecessor-version":[{"id":2874,"href":"https:\/\/vaudoo.ch\/de\/wp-json\/wp\/v2\/pages\/2643\/revisions\/2874"}],"wp:attachment":[{"href":"https:\/\/vaudoo.ch\/de\/wp-json\/wp\/v2\/media?parent=2643"}],"curies":[{"name":"wp","href":"https:\/\/api.w.org\/{rel}","templated":true}]}}